{"id":479,"date":"2023-05-15T14:03:24","date_gmt":"2023-05-15T12:03:24","guid":{"rendered":"http:\/\/philip-rademacher.de\/?page_id=479"},"modified":"2026-04-12T20:04:02","modified_gmt":"2026-04-12T18:04:02","slug":"about-me","status":"publish","type":"page","link":"https:\/\/philip-rademacher.de\/de\/","title":{"rendered":"\u00dcber Mich"},"content":{"rendered":"<h2 class=\"wp-block-heading has-text-align-left\">\u00dcber Mich<\/h2>\n\n\n\n<p>Ich habe Volkswirtschaftslehre und Geschichte an den Universit\u00e4ten D\u00fcsseldorf, Wuppertal und Tartu studiert. W\u00e4hrend meines Studiums habe ich haupts\u00e4chlich als studentische Hilfskraft in Forschung und Lehre gearbeitet, aber auch Praktika im Finanz- und Kulturbereich gemacht, z.B. bei der Deutschen Bundesbank. <\/p>\n\n\n\n<p>Seit Juni 2023 bin ich externer Doktorand in Volkswirtschaftslehre an der Universit\u00e4t D\u00fcsseldorf unter Betreuung von Prof. Jens S\u00fcdekum. Zeitgleich habe ich auch meine T\u00e4tigkeit als Data-Analyst in Compliance bei der Targobank begonnen. Wenn Sie Interesse an meiner Forschung haben, k\u00f6nnen Sie mich gerne kontaktieren (\u00fcber das Kontaktformular oder LinkedIn).<\/p>\n\n\n\n<h2 class=\"wp-block-heading has-text-align-left\">F\u00e4higkeiten<\/h2>\n\n\n\n<ul>\n<li><strong>Coding<\/strong>: Python, R, Stata, SQL, SAS<\/li>\n\n\n\n<li><strong>Sprachen <\/strong>Deutsch, Englisch, Niederl\u00e4ndisch (und Latein)<\/li>\n\n\n\n<li><strong>Office<\/strong>: Word, Excel, PowerPoint<\/li>\n\n\n\n<li><strong>Design<\/strong>: GIMP, HTML, CSS, LaTeX<\/li>\n<\/ul>\n\n\n\n<h2 class=\"wp-block-heading has-text-align-left\">Forschungsinteressen<\/h2>\n\n\n\n<ul>\n<li>Applied Economics<\/li>\n\n\n\n<li>Forecasting<\/li>\n\n\n\n<li>Quantitative History<\/li>\n<\/ul>\n\n\n\n<h2 class=\"wp-block-heading\">Aktuelle Forschung<\/h2>\n\n\n\n<ul>\n<li>Regionale Disparit\u00e4ten in der Transformation zu Klimaneutralit\u00e4t<\/li>\n<\/ul>\n\n\n\n<hr class=\"wp-block-separator has-alpha-channel-opacity is-style-wide\"\/>\n\n\n\n<div style=\"height:20px\" aria-hidden=\"true\" class=\"wp-block-spacer\"><\/div>\n\n\n\n<div id=\"wp-block-themeisle-blocks-accordion-0b8d75fe\" class=\"wp-block-themeisle-blocks-accordion exclusive\">\n<details class=\"wp-block-themeisle-blocks-accordion-item\"><summary class=\"wp-block-themeisle-blocks-accordion-item__title\"><div><strong>Publikationen<\/strong><\/div><\/summary><div class=\"wp-block-themeisle-blocks-accordion-item__content\">\n<p><strong>Peer-Reviewed:<\/strong><\/p>\n\n\n\n<ul>\n<li><em><strong>Forecasting Recessions in Germany with Feature Selection and Machine Learning (2025)<\/strong>,<\/em> Journal of Business Cycle Research, DOI: 10.1007\/s41549-025-00115-0<\/li>\n\n\n\n<li><a href=\"https:\/\/traj.openlibhums.org\/article\/id\/15280\/\"><em><strong>Data Quality and Bias in the Coin Hoards of the Roman Empire Database<\/strong> <strong>(2024)<\/strong><\/em>, Theoretical Roman Archaeology Journal&nbsp;7(1): 1\u201325. DOI: 10.16995\/traj.15280<\/a><\/li>\n\n\n\n<li><a rel=\"noreferrer noopener\" href=\"https:\/\/doi.org\/10.5281\/zenodo.8341604\" target=\"_blank\"><strong><em>Verzerrte Geschichte durch ungleiche Erschlie\u00dfung?<\/em> (2023)<\/strong> in: Helling, P.: FORGE 2023 &#8211; Forschungsdaten in den Geisteswissenschaften: Anything Goes?! Forschungsdaten in den Geisteswissenschaften &#8211; kritisch betrachtet. Conference Abstracts, pp. 109-114. DOI: 10.5281\/zenodo.8341604<\/a><\/li>\n<\/ul>\n\n\n\n<p><strong>Other Publications:<\/strong><\/p>\n\n\n\n<ul>\n<li><a rel=\"noreferrer noopener\" href=\"https:\/\/www.dice.hhu.de\/fileadmin\/redaktion\/Fakultaeten\/Wirtschaftswissenschaftliche_Fakultaet\/DICE\/Discussion_Paper\/416_Rademacher.pdf\" target=\"_blank\"><strong><em>Forecasting Recessions in Germany with Machine Learning (2024)<\/em><\/strong>, DICE Discussion Paper, September 2024, ISBN 978-3-86304-415-2.<\/a><\/li>\n\n\n\n<li><a rel=\"noreferrer noopener\" href=\"https:\/\/www.bertelsmann-stiftung.de\/de\/publikationen\/publikation\/did\/regionale-disparitaeten-in-der-transformation\" target=\"_blank\"><strong><em>Regionale Disparit\u00e4ten in der Transformation &#8211; Empirische Evidenz und Implikationen f\u00fcr die Regionalpolitik (2024)<\/em><\/strong>, together with Jens S\u00fcdekum, published by Bertelsmann-Stiftung. DOI: 10.11586\/2024023<\/a><\/li>\n<\/ul>\n\n\n\n<p>Siehe auch: <a href=\"https:\/\/orcid.org\/0000-0003-2045-8628\">ORCID<\/a><\/p>\n<\/div><\/details>\n\n\n\n<details class=\"wp-block-themeisle-blocks-accordion-item\"><summary class=\"wp-block-themeisle-blocks-accordion-item__title\"><div><strong>Pr\u00e4sentationen<\/strong><\/div><\/summary><div class=\"wp-block-themeisle-blocks-accordion-item__content\">\n<ul>\n<li><em><strong>Decarbonization and Employment<\/strong><\/em><strong><em> <\/em><\/strong><strong><em>in the German Manufacturing Sector,<\/em> <\/strong>HYRCE, HEC Li\u00e8ge Management School (upcoming, 17. April 2026)<\/li>\n\n\n\n<li><strong><em><a href=\"https:\/\/www.uni-bielefeld.de\/fakultaeten\/wirtschaftswissenschaften\/einrichtungen\/bigsem\/bigsem-doctoral-workshop\/bigsem-doctoral-workshop\/Program_modified.pdf\">Decarbon<\/a>ization and Employment in the German Manufacturing Sector<\/em><\/strong>, BiGSEM Workshop, Universit\u00e4t Bielefeld (15. Dezember 2025)<\/li>\n\n\n\n<li><strong><em><a href=\"https:\/\/digital-classicist.bbaw.de\/fileadmin\/_processed_\/f\/9\/csm_digital-classicist-berlin-seminar-2024-2025-1_e532a2615a.png\">Make Bias visible!<\/a><\/em><\/strong>, Digital Classicist Seminar, Berlin-Brandenburgische Akademie der Wissenschaften, (7. Januar 2025)<\/li>\n\n\n\n<li><strong><em>Local labour market effects of CO2 decoupling<\/em><\/strong>, DICE Research Workshop, Universit\u00e4t D\u00fcsseldorf (18. November 2024)<\/li>\n\n\n\n<li><a href=\"https:\/\/www.iwh-halle.de\/en\/about-the-iwh\/events\/detail\/iwh-workshop-on-forecasting-in-times-of-structural-change-and-uncertainty\/\"><strong><em>Forecasting Recessions in Germany with Machine Learning<\/em><\/strong>, IWH-Workshop \u201cForecasting in Times of Structural Change and Uncertainty\u201d, IWH Halle (18. Juni 2024)<\/a><\/li>\n\n\n\n<li><strong><em>Forecasting Recessions in Germany<\/em><\/strong> <strong><em>with Machine Learning<\/em><\/strong>, DICE Research Workshop, Universit\u00e4t D\u00fcsseldorf (29. Januar 2024)<\/li>\n\n\n\n<li><a rel=\"noreferrer noopener\" href=\"https:\/\/www.conftool.net\/forge2023\/index.php?page=browseSessions&amp;print=embed&amp;form_date=2023-10-05&amp;mode=list&amp;presentations=show\" target=\"_blank\"><strong><em>Verzerrte Geschichte durch ungleiche Erschlie\u00dfung?<\/em><\/strong>, FORGE23-Konferenz, Universit\u00e4t T\u00fcbingen (5. Oktober 2023)<\/a><\/li>\n<\/ul>\n<\/div><\/details>\n<\/div>","protected":false},"excerpt":{"rendered":"<p>About Me I have studied economics and history at the universities of D\u00fcsseldorf, Wuppertal and Tartu. During my studies, I have mainly worked as a student assistant in research and teaching, but also did internships in the financial and cultural sector, e.g. at the Deutsche Bundesbank. Since June 2023, I am enrolled as an external [&hellip;]<\/p>","protected":false},"author":1,"featured_media":0,"parent":0,"menu_order":0,"comment_status":"closed","ping_status":"closed","template":"","meta":{"_themeisle_gutenberg_block_has_review":false},"yoast_head":"<!-- This site is optimized with the Yoast SEO plugin v21.2 - https:\/\/yoast.com\/wordpress\/plugins\/seo\/ -->\n<title>About Me - Philip Rademacher<\/title>\n<meta name=\"robots\" content=\"index, follow, max-snippet:-1, max-image-preview:large, max-video-preview:-1\" \/>\n<link rel=\"canonical\" href=\"https:\/\/philip-rademacher.de\/de\/\" \/>\n<meta property=\"og:locale\" content=\"de_DE\" \/>\n<meta property=\"og:type\" content=\"article\" \/>\n<meta property=\"og:title\" content=\"About Me - Philip Rademacher\" \/>\n<meta property=\"og:description\" content=\"About Me I have studied economics and history at the universities of D\u00fcsseldorf, Wuppertal and Tartu. During my studies, I have mainly worked as a student assistant in research and teaching, but also did internships in the financial and cultural sector, e.g. at the Deutsche Bundesbank. Since June 2023, I am enrolled as an external [&hellip;]\" \/>\n<meta property=\"og:url\" content=\"https:\/\/philip-rademacher.de\/de\/\" \/>\n<meta property=\"og:site_name\" content=\"Philip Rademacher\" \/>\n<meta property=\"article:modified_time\" content=\"2026-04-12T18:04:02+00:00\" \/>\n<meta name=\"twitter:card\" content=\"summary_large_image\" \/>\n<meta name=\"twitter:label1\" content=\"Gesch\u00e4tzte Lesezeit\" \/>\n\t<meta name=\"twitter:data1\" content=\"1\u00a0Minute\" \/>\n<script type=\"application\/ld+json\" class=\"yoast-schema-graph\">{\"@context\":\"https:\/\/schema.org\",\"@graph\":[{\"@type\":\"WebPage\",\"@id\":\"https:\/\/philip-rademacher.de\/\",\"url\":\"https:\/\/philip-rademacher.de\/\",\"name\":\"About Me - Philip Rademacher\",\"isPartOf\":{\"@id\":\"https:\/\/philip-rademacher.de\/#website\"},\"datePublished\":\"2023-05-15T12:03:24+00:00\",\"dateModified\":\"2026-04-12T18:04:02+00:00\",\"breadcrumb\":{\"@id\":\"https:\/\/philip-rademacher.de\/#breadcrumb\"},\"inLanguage\":\"de\",\"potentialAction\":[{\"@type\":\"ReadAction\",\"target\":[\"https:\/\/philip-rademacher.de\/\"]}]},{\"@type\":\"BreadcrumbList\",\"@id\":\"https:\/\/philip-rademacher.de\/#breadcrumb\",\"itemListElement\":[{\"@type\":\"ListItem\",\"position\":1,\"name\":\"Startseite\",\"item\":\"https:\/\/philip-rademacher.de\/\"},{\"@type\":\"ListItem\",\"position\":2,\"name\":\"About Me\"}]},{\"@type\":\"WebSite\",\"@id\":\"https:\/\/philip-rademacher.de\/#website\",\"url\":\"https:\/\/philip-rademacher.de\/\",\"name\":\"Philip Rademacher\",\"description\":\"Doctoral Student in Economics &amp; Data Analyst\",\"publisher\":{\"@id\":\"https:\/\/philip-rademacher.de\/#\/schema\/person\/450ec850823362c1bc09c483fa886d13\"},\"potentialAction\":[{\"@type\":\"SearchAction\",\"target\":{\"@type\":\"EntryPoint\",\"urlTemplate\":\"https:\/\/philip-rademacher.de\/?s={search_term_string}\"},\"query-input\":\"required name=search_term_string\"}],\"inLanguage\":\"de\"},{\"@type\":[\"Person\",\"Organization\"],\"@id\":\"https:\/\/philip-rademacher.de\/#\/schema\/person\/450ec850823362c1bc09c483fa886d13\",\"name\":\"Philip Rademacher\",\"image\":{\"@type\":\"ImageObject\",\"inLanguage\":\"de\",\"@id\":\"https:\/\/philip-rademacher.de\/#\/schema\/person\/image\/\",\"url\":\"https:\/\/philip-rademacher.de\/wp-content\/uploads\/2023\/06\/app_pic33.png\",\"contentUrl\":\"https:\/\/philip-rademacher.de\/wp-content\/uploads\/2023\/06\/app_pic33.png\",\"width\":105,\"height\":106,\"caption\":\"Philip Rademacher\"},\"logo\":{\"@id\":\"https:\/\/philip-rademacher.de\/#\/schema\/person\/image\/\"}}]}<\/script>\n<!-- \/ Yoast SEO plugin. -->","yoast_head_json":{"title":"About Me - Philip Rademacher","robots":{"index":"index","follow":"follow","max-snippet":"max-snippet:-1","max-image-preview":"max-image-preview:large","max-video-preview":"max-video-preview:-1"},"canonical":"https:\/\/philip-rademacher.de\/de\/","og_locale":"de_DE","og_type":"article","og_title":"About Me - Philip Rademacher","og_description":"About Me I have studied economics and history at the universities of D\u00fcsseldorf, Wuppertal and Tartu. During my studies, I have mainly worked as a student assistant in research and teaching, but also did internships in the financial and cultural sector, e.g. at the Deutsche Bundesbank. Since June 2023, I am enrolled as an external [&hellip;]","og_url":"https:\/\/philip-rademacher.de\/de\/","og_site_name":"Philip Rademacher","article_modified_time":"2026-04-12T18:04:02+00:00","twitter_card":"summary_large_image","twitter_misc":{"Gesch\u00e4tzte Lesezeit":"1\u00a0Minute"},"schema":{"@context":"https:\/\/schema.org","@graph":[{"@type":"WebPage","@id":"https:\/\/philip-rademacher.de\/","url":"https:\/\/philip-rademacher.de\/","name":"About Me - Philip Rademacher","isPartOf":{"@id":"https:\/\/philip-rademacher.de\/#website"},"datePublished":"2023-05-15T12:03:24+00:00","dateModified":"2026-04-12T18:04:02+00:00","breadcrumb":{"@id":"https:\/\/philip-rademacher.de\/#breadcrumb"},"inLanguage":"de","potentialAction":[{"@type":"ReadAction","target":["https:\/\/philip-rademacher.de\/"]}]},{"@type":"BreadcrumbList","@id":"https:\/\/philip-rademacher.de\/#breadcrumb","itemListElement":[{"@type":"ListItem","position":1,"name":"Startseite","item":"https:\/\/philip-rademacher.de\/"},{"@type":"ListItem","position":2,"name":"About Me"}]},{"@type":"WebSite","@id":"https:\/\/philip-rademacher.de\/#website","url":"https:\/\/philip-rademacher.de\/","name":"Philip Rademacher","description":"Doctoral Student in Economics &amp; Data Analyst","publisher":{"@id":"https:\/\/philip-rademacher.de\/#\/schema\/person\/450ec850823362c1bc09c483fa886d13"},"potentialAction":[{"@type":"SearchAction","target":{"@type":"EntryPoint","urlTemplate":"https:\/\/philip-rademacher.de\/?s={search_term_string}"},"query-input":"required name=search_term_string"}],"inLanguage":"de"},{"@type":["Person","Organization"],"@id":"https:\/\/philip-rademacher.de\/#\/schema\/person\/450ec850823362c1bc09c483fa886d13","name":"Philip Rademacher","image":{"@type":"ImageObject","inLanguage":"de","@id":"https:\/\/philip-rademacher.de\/#\/schema\/person\/image\/","url":"https:\/\/philip-rademacher.de\/wp-content\/uploads\/2023\/06\/app_pic33.png","contentUrl":"https:\/\/philip-rademacher.de\/wp-content\/uploads\/2023\/06\/app_pic33.png","width":105,"height":106,"caption":"Philip Rademacher"},"logo":{"@id":"https:\/\/philip-rademacher.de\/#\/schema\/person\/image\/"}}]}},"_links":{"self":[{"href":"https:\/\/philip-rademacher.de\/de\/wp-json\/wp\/v2\/pages\/479"}],"collection":[{"href":"https:\/\/philip-rademacher.de\/de\/wp-json\/wp\/v2\/pages"}],"about":[{"href":"https:\/\/philip-rademacher.de\/de\/wp-json\/wp\/v2\/types\/page"}],"author":[{"embeddable":true,"href":"https:\/\/philip-rademacher.de\/de\/wp-json\/wp\/v2\/users\/1"}],"replies":[{"embeddable":true,"href":"https:\/\/philip-rademacher.de\/de\/wp-json\/wp\/v2\/comments?post=479"}],"version-history":[{"count":69,"href":"https:\/\/philip-rademacher.de\/de\/wp-json\/wp\/v2\/pages\/479\/revisions"}],"predecessor-version":[{"id":711,"href":"https:\/\/philip-rademacher.de\/de\/wp-json\/wp\/v2\/pages\/479\/revisions\/711"}],"wp:attachment":[{"href":"https:\/\/philip-rademacher.de\/de\/wp-json\/wp\/v2\/media?parent=479"}],"curies":[{"name":"wp","href":"https:\/\/api.w.org\/{rel}","templated":true}]}}